{"id":1217,"date":"2016-11-25T04:15:48","date_gmt":"2016-11-25T04:15:48","guid":{"rendered":"http:\/\/projetoabelha.com.br\/?page_id=1217"},"modified":"2021-03-27T12:22:54","modified_gmt":"2021-03-27T12:22:54","slug":"poemas","status":"publish","type":"page","link":"http:\/\/www.projetoabelha.com.br\/?page_id=1217","title":{"rendered":"Poemas"},"content":{"rendered":"\n<p>Poema&nbsp;\u00e9 uma&nbsp;obra liter\u00e1ria que pertence ao g\u00eanero da poesia,&nbsp;e cuja apresenta\u00e7\u00e3o pode surgir em forma de versos, estrofes ou prosa, com a finalidade de manifestar sentimento e emo\u00e7\u00e3o.<\/p>\n\n\n\n<p>Um&nbsp;poema&nbsp;possui extens\u00e3o vari\u00e1vel e ao longo do texto exp\u00f5e temas variados em que h\u00e1 enredo e a\u00e7\u00e3o, escritos atrav\u00e9s de uma linguagem que emociona e sensibiliza o leitor.<\/p>\n\n\n\n<p>&#8220;As crian\u00e7as geralmente gostam muito de poesia. Vale lembrar que \u00e9 nesse g\u00eanero que encontramos com mais evid\u00eancia o trabalho da sonoridade, com as imagens, com elementos l\u00fadicos e muitos outros aspectos que se identificam com a criatividade e a imagina\u00e7\u00e3o que comp\u00f5em o mundo infantil&#8221;. Portal Educa\u00e7\u00e3o (2020).<\/p>\n\n\n\n<p>Assim sendo, os poemas lidam com o imagin\u00e1rio infantil, mexem com sua capacidade de sonhar e criar. Com poesia e ludicidade, os poemas apresentam temas diversos, conflitos e desafios, permitindo que as crian\u00e7as conhe\u00e7am e interpretem o cotidiano.  Atrav\u00e9s de poemas, as crian\u00e7as desenvolvem a capacidade lingu\u00edstica, ao passo que sonham por meio das rimas e dan\u00e7am com as palavras, conforme nos diz Jos\u00e9 Paulo Paes em seu poema &#8220;Convite&#8221;.<\/p>\n\n\n\n<p>Feitas tais considera\u00e7\u00f5es, vale lembrar que, acima de tudo, a leitura de poemas deve ser uma fonte de prazer (e \u00e9!). Para voc\u00ea j\u00e1 se inspirar e se encantar, ou\u00e7a o convite:<\/p>\n\n\n\n<p><\/p>\n\n\n\n<p><\/p>\n\n\n\n<div class=\"wp-block-columns\">\n<div class=\"wp-block-column\" style=\"flex-basis:25%\"><\/div>\n\n\n\n<div class=\"wp-block-column\" style=\"flex-basis:50%\">\n<figure class=\"wp-block-embed is-type-rich is-provider-spotify wp-block-embed-spotify wp-embed-aspect-21-9 wp-has-aspect-ratio\"><div class=\"wp-block-embed__wrapper\">\n<iframe loading=\"lazy\" title=\"Spotify Embed: Poema: Convite\" width=\"100%\" height=\"232\" allowtransparency=\"true\" frameborder=\"0\" allow=\"encrypted-media\" src=\"https:\/\/open.spotify.com\/embed-podcast\/episode\/6EXSUV0ohdCf18B9dRkibZ?si=NAJD-1GFRXybsPFZasbLOg\"><\/iframe>\n<\/div><\/figure>\n<\/div>\n\n\n\n<div class=\"wp-block-column\" style=\"flex-basis:25%\"><\/div>\n<\/div>\n\n\n\n<p><\/p>\n\n\n\n<p><\/p>\n\n\n\n<p>Todas as obras do Projeto Abelha cont\u00e9m algum poema \u2013 s\u00e3o eles que embelezam cada uma delas, que as deixam mais sens\u00edveis e divertidas. Aqui, vamos expor&nbsp;alguns poemas escritos por <a rel=\"noreferrer noopener\" href=\"http:\/\/projetoabelha.com.br\/?page_id=395\" target=\"_blank\">D\u00e9bora Ara\u00fajo<\/a>.<\/p>\n\n\n\n<p><\/p>\n\n\n\n<h3>Leia e se encante!<\/h3>\n\n\n\n<p><\/p>\n\n\n\n<ul><li><a href=\"http:\/\/projetoabelha.com.br\/?page_id=5355\">A amiga da Lua<\/a><\/li><li><a href=\"http:\/\/projetoabelha.com.br\/?p=3389\">Am\u00f4 Junino<\/a><\/li><li><a href=\"http:\/\/projetoabelha.com.br\/?p=3063\">Amor que acolhe<\/a><\/li><li><a href=\"http:\/\/projetoabelha.com.br\/?page_id=3110\">A verdadeira riqueza<\/a><\/li><li><a href=\"http:\/\/projetoabelha.com.br\/?p=3921\">Bem guardadinho<\/a><\/li><li><a href=\"http:\/\/projetoabelha.com.br\/?p=3696\">Bruxa Celestina<\/a><\/li><li><a href=\"http:\/\/projetoabelha.com.br\/?page_id=1283\">Caixa de Presente<\/a><\/li><li><a href=\"http:\/\/projetoabelha.com.br\/?p=3948\">Chegou abril, m\u00eas da literatura infantil<\/a><\/li><li><a href=\"http:\/\/projetoabelha.com.br\/?page_id=2163\">Dona Abelhinha<\/a><\/li><li><a href=\"http:\/\/projetoabelha.com.br\/?page_id=4218\">Enquanto me ninava<\/a><\/li><li><a href=\"http:\/\/projetoabelha.com.br\/?page_id=3319\">Flor de Laranjeira<\/a><\/li><li><a href=\"http:\/\/projetoabelha.com.br\/?page_id=2075\">O Mo\u00e7o e o Sol<\/a><\/li><li><a href=\"http:\/\/projetoabelha.com.br\/?page_id=4209\">Os ventos de outono<\/a><\/li><li><a href=\"http:\/\/projetoabelha.com.br\/?p=3047\">Por voc\u00ea me tornei m\u00e3e<\/a><\/li><li><a href=\"http:\/\/projetoabelha.com.br\/?page_id=2965\">Rita Espalhafatosa<\/a><\/li><li><a href=\"http:\/\/projetoabelha.com.br\/?page_id=2185\">Sa\u00fade, sa\u00fade, sa\u00fade!<\/a><\/li><\/ul>\n\n\n\n<p><\/p>\n\n\n\n<h4>Respeite a obra do autor, ao compartilhar, referencie seu nome.<\/h4>\n\n\n\n<p><\/p>\n\n\n\n<div class=\"wp-block-media-text alignwide is-stacked-on-mobile\" style=\"grid-template-columns:15% auto\"><figure class=\"wp-block-media-text__media\"><img loading=\"lazy\" width=\"600\" height=\"570\" src=\"http:\/\/projetoabelha.com.br\/wp-content\/uploads\/2020\/04\/abelha_cora\u00e7\u00e3o_amarelo-PA.jpg\" alt=\"\" class=\"wp-image-4544 size-full\" srcset=\"http:\/\/www.projetoabelha.com.br\/wp-content\/uploads\/2020\/04\/abelha_cora\u00e7\u00e3o_amarelo-PA.jpg 600w, http:\/\/www.projetoabelha.com.br\/wp-content\/uploads\/2020\/04\/abelha_cora\u00e7\u00e3o_amarelo-PA-300x285.jpg 300w\" sizes=\"(max-width: 600px) 100vw, 600px\" \/><\/figure><div class=\"wp-block-media-text__content\">\n<p><a rel=\"noreferrer noopener\" href=\"http:\/\/projetoabelha.com.br\/?page_id=395\" target=\"_blank\">D\u00e9bora Ara\u00fajo<\/a><br><a href=\"Facebook: Projeto AbelhaInstagram: @projetoabelha\">Facebook: Projeto Abelha<br>Instagram: @projetoabelha<\/a><\/p>\n<\/div><\/div>\n\n\n\n<h2 class=\"has-text-align-center\">Sejamos Polinizadores, <br>Sejamos Abelhas!<\/h2>\n","protected":false},"excerpt":{"rendered":"<p>Poema&nbsp;\u00e9 uma&nbsp;obra liter\u00e1ria que pertence ao g\u00eanero da poesia,&nbsp;e cuja apresenta\u00e7\u00e3o pode surgir em forma de versos, estrofes ou prosa, com a finalidade de manifestar sentimento e emo\u00e7\u00e3o. Um&nbsp;poema&nbsp;possui extens\u00e3o vari\u00e1vel e ao longo do texto exp\u00f5e temas variados em que h\u00e1 enredo e a\u00e7\u00e3o, escritos atrav\u00e9s de uma linguagem que emociona e sensibiliza o&hellip;<\/p>\n","protected":false},"author":1,"featured_media":5538,"parent":0,"menu_order":4,"comment_status":"closed","ping_status":"closed","template":"","meta":[],"_links":{"self":[{"href":"http:\/\/www.projetoabelha.com.br\/index.php?rest_route=\/wp\/v2\/pages\/1217"}],"collection":[{"href":"http:\/\/www.projetoabelha.com.br\/index.php?rest_route=\/wp\/v2\/pages"}],"about":[{"href":"http:\/\/www.projetoabelha.com.br\/index.php?rest_route=\/wp\/v2\/types\/page"}],"author":[{"embeddable":true,"href":"http:\/\/www.projetoabelha.com.br\/index.php?rest_route=\/wp\/v2\/users\/1"}],"replies":[{"embeddable":true,"href":"http:\/\/www.projetoabelha.com.br\/index.php?rest_route=%2Fwp%2Fv2%2Fcomments&post=1217"}],"version-history":[{"count":70,"href":"http:\/\/www.projetoabelha.com.br\/index.php?rest_route=\/wp\/v2\/pages\/1217\/revisions"}],"predecessor-version":[{"id":5539,"href":"http:\/\/www.projetoabelha.com.br\/index.php?rest_route=\/wp\/v2\/pages\/1217\/revisions\/5539"}],"wp:featuredmedia":[{"embeddable":true,"href":"http:\/\/www.projetoabelha.com.br\/index.php?rest_route=\/wp\/v2\/media\/5538"}],"wp:attachment":[{"href":"http:\/\/www.projetoabelha.com.br\/index.php?rest_route=%2Fwp%2Fv2%2Fmedia&parent=1217"}],"curies":[{"name":"wp","href":"https:\/\/api.w.org\/{rel}","templated":true}]}}