{"id":2245,"date":"2017-01-30T12:45:23","date_gmt":"2017-01-30T12:45:23","guid":{"rendered":"http:\/\/projetoabelha.com.br\/?page_id=2245"},"modified":"2020-08-16T21:14:29","modified_gmt":"2020-08-16T21:14:29","slug":"contando-historias","status":"publish","type":"page","link":"http:\/\/www.projetoabelha.com.br\/?page_id=2245","title":{"rendered":"Contar Hist\u00f3rias"},"content":{"rendered":"\n<div class=\"wp-block-image\"><figure class=\"aligncenter size-large is-resized\"><a href=\"http:\/\/projetoabelha.com.br\/\"><img loading=\"lazy\" src=\"http:\/\/projetoabelha.com.br\/wp-content\/uploads\/2017\/04\/MomentoLeitura-1024x883.png\" alt=\"\" class=\"wp-image-2759\" width=\"329\" height=\"283\" srcset=\"http:\/\/www.projetoabelha.com.br\/wp-content\/uploads\/2017\/04\/MomentoLeitura-1024x883.png 1024w, http:\/\/www.projetoabelha.com.br\/wp-content\/uploads\/2017\/04\/MomentoLeitura-300x259.png 300w, http:\/\/www.projetoabelha.com.br\/wp-content\/uploads\/2017\/04\/MomentoLeitura-768x662.png 768w, http:\/\/www.projetoabelha.com.br\/wp-content\/uploads\/2017\/04\/MomentoLeitura.png 1222w\" sizes=\"(max-width: 329px) 100vw, 329px\" \/><\/a><\/figure><\/div>\n\n\n\n<p>A literatura infantil promove o l\u00fadico, a criatividade, o acolhimento e a proximidade entre adultos e crian\u00e7as. Atrav\u00e9s dos enredos que intercalam realidade e fantasia, as crian\u00e7as podem vivenciar emo\u00e7\u00f5es e aprendizagens sobre diferentes temas, sobre si e sobre o outro.<\/p>\n\n\n\n<p>Contar hist\u00f3rias \u00e9 uma das formas art\u00edsticas de representa\u00e7\u00e3o do mundo, promove momentos de &nbsp;&nbsp;uni\u00e3o e partilhas. \u00c9 o passaporte para uma viagem instigante, na qual realidade e fantasia dialogam simultaneamente.<\/p>\n\n\n\n<p>Uma das pr\u00e1ticas mais antigas registradas pela humanidade, contar, recontar e ouvir uma hist\u00f3ria \u00e9 uma forma de preservar culturas, transmitir valores e compartilhar conhecimento. Al\u00e9m disso, as hist\u00f3rias impulsionam a intera\u00e7\u00e3o, confraterniza\u00e7\u00e3o e uni\u00e3o; despertam a imagina\u00e7\u00e3o, as emo\u00e7\u00f5es, novos interesses e expectativas.<\/p>\n\n\n\n<p>Por meio das hist\u00f3rias, as crian\u00e7as tem o primeiro contato com o universo liter\u00e1rio e conhecimento de um mundo encantador. A psic\u00f3loga Rosely Say\u00e3o (2003) ressalta que \u201ccontar hist\u00f3rias \u00e9 um ato de amor e carinho por parte do adulto\u201d. E ainda destaca que \u201cde forma l\u00fadica e prazerosa, a crian\u00e7a pode aprender muito a respeito do mundo que a espera\u201d.<\/p>\n\n\n\n<p>Ouvindo hist\u00f3rias, a crian\u00e7a se identifica com os personagens e suas diversas caracter\u00edsticas, essa identifica\u00e7\u00e3o desperta v\u00e1rias emo\u00e7\u00f5es, fazendo com que os pequenos coloquem para fora seus sentimentos.<\/p>\n\n\n\n<p>Al\u00e9m disso, a conta\u00e7\u00e3o fomenta a curiosidade e o interesse das crian\u00e7as em conhecer outras hist\u00f3rias. Assim, naturalmente, tornam-se leitores habilidosos e o processo de ensino-aprendizagem ser\u00e1 mais r\u00e1pido e prazeroso.<\/p>\n\n\n\n<p><\/p>\n\n\n\n<p><\/p>\n\n\n\n<h4>Verifique algumas hist\u00f3rias de diversos autores que disponibilizamos e divirta-se com seu pequeno!<\/h4>\n\n\n\n<p><\/p>\n\n\n\n<div class=\"wp-block-media-text alignwide is-stacked-on-mobile\" style=\"grid-template-columns:33% auto\"><figure class=\"wp-block-media-text__media\"><img loading=\"lazy\" width=\"1024\" height=\"976\" src=\"http:\/\/projetoabelha.com.br\/wp-content\/uploads\/2020\/04\/Os-3-porquinhos-PA-1024x976.jpg\" alt=\"\" class=\"wp-image-4269\" srcset=\"http:\/\/www.projetoabelha.com.br\/wp-content\/uploads\/2020\/04\/Os-3-porquinhos-PA-1024x976.jpg 1024w, http:\/\/www.projetoabelha.com.br\/wp-content\/uploads\/2020\/04\/Os-3-porquinhos-PA-300x286.jpg 300w, http:\/\/www.projetoabelha.com.br\/wp-content\/uploads\/2020\/04\/Os-3-porquinhos-PA-768x732.jpg 768w, http:\/\/www.projetoabelha.com.br\/wp-content\/uploads\/2020\/04\/Os-3-porquinhos-PA.jpg 1200w\" sizes=\"(max-width: 1024px) 100vw, 1024px\" \/><\/figure><div class=\"wp-block-media-text__content\">\n<ul><li><a href=\"http:\/\/projetoabelha.com.br\/?page_id=4908\">A bela adormecida<\/a><\/li><li><a rel=\"noreferrer noopener\" href=\"http:\/\/projetoabelha.com.br\/?page_id=2806\" target=\"_blank\">Adivinha o quanto eu te amo<\/a><\/li><li><a rel=\"noreferrer noopener\" href=\"http:\/\/projetoabelha.com.br\/?page_id=3084\" target=\"_blank\">A centopeia que sonhava<\/a><\/li><li><a href=\"http:\/\/projetoabelha.com.br\/?page_id=5014\">As roupas novas do imperador<\/a><\/li><li><a rel=\"noreferrer noopener\" href=\"http:\/\/projetoabelha.com.br\/?page_id=2823\" target=\"_blank\">A zebrinha preoupada<\/a><\/li><li><a href=\"http:\/\/projetoabelha.com.br\/?page_id=4930\">Branca de Neve<\/a><\/li><li><a href=\"http:\/\/projetoabelha.com.br\/?p=4062\">Chapeuzinho Vermelho (resumo)<\/a><\/li><li><a href=\"http:\/\/projetoabelha.com.br\/?page_id=4981\">Cinderela<\/a><\/li><li><a href=\"http:\/\/projetoabelha.com.br\/?page_id=4925\">Jo\u00e3o e Maria<\/a><\/li><li><a rel=\"noreferrer noopener\" href=\"http:\/\/projetoabelha.com.br\/?page_id=2808\" target=\"_blank\">Menina Bonita do la\u00e7o de fita<\/a><\/li><li><a href=\"http:\/\/projetoabelha.com.br\/?page_id=4973\">O gato de botas<\/a><\/li><li><a href=\"http:\/\/projetoabelha.com.br\/?page_id=5006\">O patinho feio<\/a><\/li><li><a href=\"http:\/\/projetoabelha.com.br\/?page_id=4022\">O patinho feio (resumo)<\/a><\/li><li><a href=\"http:\/\/projetoabelha.com.br\/?page_id=4894\">O pr\u00edncipe-r\u00e3 ou o Henrique de Ferro<\/a><\/li><li><a href=\"http:\/\/projetoabelha.com.br\/?page_id=5010\">O rouxinol do imperador<\/a><\/li><li><a href=\"http:\/\/projetoabelha.com.br\/?page_id=4990\">Os sete corvos<\/a><\/li><li><a href=\"http:\/\/projetoabelha.com.br\/?page_id=4997\">O soldadinho de chumbo<\/a><\/li><li><a href=\"http:\/\/projetoabelha.com.br\/?page_id=4282\">Os tr\u00eas porquinhos (resumo<\/a>)<\/li><li><a href=\"http:\/\/projetoabelha.com.br\/?page_id=4985\">Rapunzel<\/a><\/li><li><a href=\"http:\/\/projetoabelha.com.br\/?page_id=4936\">Rumpelstichen<\/a><\/li><\/ul>\n<\/div><\/div>\n\n\n\n<p><\/p>\n\n\n\n<p><\/p>\n\n\n\n<h4>Leia sobre alguns autores e suas contribui\u00e7\u00f5es para a literatura infantil:<\/h4>\n\n\n\n<p><\/p>\n\n\n\n<p><a href=\"http:\/\/projetoabelha.com.br\/?page_id=4447\">Esopo<\/a><br><a href=\"http:\/\/projetoabelha.com.br\/?page_id=4314\">Hans Christian Andersen<\/a><br><a href=\"http:\/\/projetoabelha.com.br\/?page_id=4379\">Irm\u00e3os Grimm<\/a><br><a href=\"http:\/\/projetoabelha.com.br\/?page_id=4359\">Joseph Jacobs<\/a><br><a href=\"http:\/\/projetoabelha.com.br\/?page_id=4407\">Monteiro Lobato<\/a><br><a href=\"http:\/\/projetoabelha.com.br\/?page_id=2903\">Nye Ribeiro<\/a><br><a href=\"http:\/\/projetoabelha.com.br\/?p=4126\">Ruth Rocha<\/a><\/p>\n\n\n\n<p><\/p>\n\n\n\n<p class=\"has-text-color has-text-align-center has-luminous-vivid-orange-color\"><a href=\"https:\/\/web.facebook.com\/projetoabelha\/\">Facebook: Projeto Abelha<\/a><br><a href=\"https:\/\/www.instagram.com\/projetoabelha\/\">Instagram: @projetoabelha<\/a><\/p>\n","protected":false},"excerpt":{"rendered":"<p>A literatura infantil promove o l\u00fadico, a criatividade, o acolhimento e a proximidade entre adultos e crian\u00e7as. Atrav\u00e9s dos enredos que intercalam realidade e fantasia, as crian\u00e7as podem vivenciar emo\u00e7\u00f5es e aprendizagens sobre diferentes temas, sobre si e sobre o outro. Contar hist\u00f3rias \u00e9 uma das formas art\u00edsticas de representa\u00e7\u00e3o do mundo, promove momentos de&hellip;<\/p>\n","protected":false},"author":1,"featured_media":2702,"parent":0,"menu_order":0,"comment_status":"closed","ping_status":"closed","template":"","meta":[],"_links":{"self":[{"href":"http:\/\/www.projetoabelha.com.br\/index.php?rest_route=\/wp\/v2\/pages\/2245"}],"collection":[{"href":"http:\/\/www.projetoabelha.com.br\/index.php?rest_route=\/wp\/v2\/pages"}],"about":[{"href":"http:\/\/www.projetoabelha.com.br\/index.php?rest_route=\/wp\/v2\/types\/page"}],"author":[{"embeddable":true,"href":"http:\/\/www.projetoabelha.com.br\/index.php?rest_route=\/wp\/v2\/users\/1"}],"replies":[{"embeddable":true,"href":"http:\/\/www.projetoabelha.com.br\/index.php?rest_route=%2Fwp%2Fv2%2Fcomments&post=2245"}],"version-history":[{"count":28,"href":"http:\/\/www.projetoabelha.com.br\/index.php?rest_route=\/wp\/v2\/pages\/2245\/revisions"}],"predecessor-version":[{"id":5020,"href":"http:\/\/www.projetoabelha.com.br\/index.php?rest_route=\/wp\/v2\/pages\/2245\/revisions\/5020"}],"wp:featuredmedia":[{"embeddable":true,"href":"http:\/\/www.projetoabelha.com.br\/index.php?rest_route=\/wp\/v2\/media\/2702"}],"wp:attachment":[{"href":"http:\/\/www.projetoabelha.com.br\/index.php?rest_route=%2Fwp%2Fv2%2Fmedia&parent=2245"}],"curies":[{"name":"wp","href":"https:\/\/api.w.org\/{rel}","templated":true}]}}