{"id":395,"date":"2016-10-16T00:16:44","date_gmt":"2016-10-16T00:16:44","guid":{"rendered":"http:\/\/projetoabelha.com.br\/?page_id=395"},"modified":"2020-12-02T21:10:26","modified_gmt":"2020-12-02T21:10:26","slug":"a-autora","status":"publish","type":"page","link":"http:\/\/www.projetoabelha.com.br\/?page_id=395","title":{"rendered":"Autora"},"content":{"rendered":"<p><script src=\"http:\/\/arquivos.weblibras.com.br\/auto\/wl-min.js\"><\/script><br \/>\n<script><br \/>\n   var wl = new WebLibras();<br \/>\n<\/script><br \/>\n<a href=\"http:\/\/projetoabelha.com.br\/?page_id=60\" target=\"_blank\" rel=\"noopener noreferrer\"><img loading=\"lazy\" class=\" wp-image-1554 alignright\" src=\"http:\/\/projetoabelha.com.br\/wp-content\/uploads\/2016\/10\/DeboraAraujo_ProjetoAbelha-300x278.png\" alt=\"\" width=\"191\" height=\"177\" srcset=\"http:\/\/www.projetoabelha.com.br\/wp-content\/uploads\/2016\/10\/DeboraAraujo_ProjetoAbelha-300x278.png 300w, http:\/\/www.projetoabelha.com.br\/wp-content\/uploads\/2016\/10\/DeboraAraujo_ProjetoAbelha-768x710.png 768w, http:\/\/www.projetoabelha.com.br\/wp-content\/uploads\/2016\/10\/DeboraAraujo_ProjetoAbelha-1024x947.png 1024w, http:\/\/www.projetoabelha.com.br\/wp-content\/uploads\/2016\/10\/DeboraAraujo_ProjetoAbelha-238x220.png 238w, http:\/\/www.projetoabelha.com.br\/wp-content\/uploads\/2016\/10\/DeboraAraujo_ProjetoAbelha.png 1440w\" sizes=\"(max-width: 191px) 100vw, 191px\" \/><\/a>D\u00e9bora Ara\u00fajo, Idealizadora do <span style=\"color: #00ccff;\"><a style=\"color: #00ccff;\" href=\"http:\/\/projetoabelha.com.br\/?page_id=58\">Projeto Cultural e Social Abelha<\/a><\/span>, pedagoga, escritora, paulistana, casada, m\u00e3e de 2 adolescentes.<\/p>\n<p style=\"text-align: justify;\">Comecei a escrever despretensiosamente quando minha filha me pediu que narrasse uma hist\u00f3ria para que ela treinasse a ortografia. Assim nasceu <span style=\"color: #00ccff;\"><a style=\"color: #00ccff;\" href=\"http:\/\/projetoabelha.com.br\/?page_id=60\">Florisbela e Sua Galinha<\/a><\/span>, t\u00edtulo que ela mesma escolheu.<\/p>\n<p style=\"text-align: justify;\">A partir de ent\u00e3o, escrever hist\u00f3rias infantis tornou-se um hobby. Neste \u00ednterim, existia a busca pessoal por fazer algo no qual eu acredite e que eu possa colaborar para a melhoria e desenvolvimento das pessoas de forma simples e sincera. Foi a\u00ed que me deparei com a possibilidade de realizar dois grandes sonhos e surgiu a ideia do Projeto Abelha, que ganhou este nome devido a coincid\u00eancia\u00a0entre o significado de D\u00e9bora e o significado de Melissa \u2013 personagem do segundo livro\u00a0&#8220;<span style=\"color: #00ccff;\"><a style=\"color: #00ccff;\" href=\"http:\/\/projetoabelha.com.br\/?page_id=360\" target=\"_blank\" rel=\"noopener noreferrer\">A Bruxinha Melissa<\/a><\/span>&#8220;. E n\u00e3o poderia JAMAIS ter nome melhor, clique <span style=\"color: #00ccff;\"><a style=\"color: #00ccff;\" href=\"http:\/\/projetoabelha.com.br\/?p=1430\" target=\"_blank\" rel=\"noopener noreferrer\">aqui<\/a><\/span> e entenda porqu\u00ea!<\/p>\n<p style=\"text-align: justify;\">Por\u00e9m, como a maioria das pessoas, no in\u00edcio muitos questionamentos me a\u00e7oitaram at\u00e9 que optei por dar ouvidos a um s\u00f3 \u201cPor que n\u00e3o?&#8221;<\/p>\n<p style=\"text-align: justify;\">Todas as obras estavam arquivadas e seguindo a ordem em que foram escritas, encaminhei \u201c<span style=\"color: #00ccff;\"><a style=\"color: #00ccff;\" href=\"http:\/\/projetoabelha.com.br\/?page_id=60\">Flor<\/a><\/span>\u201d para an\u00e1lise editorial e foi imensa minha alegria quando a editora respondeu que foi aprovada!<\/p>\n<p style=\"text-align: justify;\">Ent\u00e3o, venho dedicando muitos minutos dos meus dias para aperfei\u00e7oar a pr\u00e1tica de escrever e para tornar poss\u00edvel a divulga\u00e7\u00e3o e publica\u00e7\u00e3o das obras escritas at\u00e9 agora.<\/p>\n<p style=\"text-align: justify;\">Espero sinceramente que possamos conversar muito por aqui e que todos os que acreditam que a leitura \u00e9 um passaporte para explorar a via l\u00e1ctea e tamb\u00e9m o fundo do mar (n\u00e3o reparem, j\u00e1 estou a poetizar!), juntem-se a mim nesta empreitada e fa\u00e7am parte do time de abelhas!<\/p>\n<p style=\"text-align: justify;\">Vamos polinizar a cabecinha de nossos pequenos com muita literatura infantil enquanto ajudamos outras crian\u00e7as a receberem apoio social \ud83d\ude42<\/p>\n<h1 style=\"text-align: center;\"><span style=\"color: #34a81a;\">Sejamos Polinizadores, Sejamos Abelhas!<\/span><\/h1>\n<p><a href=\"http:\/\/projetoabelha.com.br\/wp-content\/uploads\/2017\/03\/ABELHA.png\"><img loading=\"lazy\" class=\"wp-image-2483 \" src=\"http:\/\/projetoabelha.com.br\/wp-content\/uploads\/2017\/03\/ABELHA.png\" alt=\"\" width=\"65\" height=\"85\" \/><\/a><\/p>\n","protected":false},"excerpt":{"rendered":"<p>D\u00e9bora Ara\u00fajo, Idealizadora do Projeto Cultural e Social Abelha, pedagoga, escritora, paulistana, casada, m\u00e3e de 2 adolescentes. Comecei a escrever despretensiosamente quando minha filha me pediu que narrasse uma hist\u00f3ria para que ela treinasse a ortografia. Assim nasceu Florisbela e Sua Galinha, t\u00edtulo que ela mesma escolheu. A partir de ent\u00e3o, escrever hist\u00f3rias infantis tornou-se&hellip;<\/p>\n","protected":false},"author":1,"featured_media":0,"parent":58,"menu_order":0,"comment_status":"closed","ping_status":"closed","template":"","meta":[],"_links":{"self":[{"href":"http:\/\/www.projetoabelha.com.br\/index.php?rest_route=\/wp\/v2\/pages\/395"}],"collection":[{"href":"http:\/\/www.projetoabelha.com.br\/index.php?rest_route=\/wp\/v2\/pages"}],"about":[{"href":"http:\/\/www.projetoabelha.com.br\/index.php?rest_route=\/wp\/v2\/types\/page"}],"author":[{"embeddable":true,"href":"http:\/\/www.projetoabelha.com.br\/index.php?rest_route=\/wp\/v2\/users\/1"}],"replies":[{"embeddable":true,"href":"http:\/\/www.projetoabelha.com.br\/index.php?rest_route=%2Fwp%2Fv2%2Fcomments&post=395"}],"version-history":[{"count":26,"href":"http:\/\/www.projetoabelha.com.br\/index.php?rest_route=\/wp\/v2\/pages\/395\/revisions"}],"predecessor-version":[{"id":5340,"href":"http:\/\/www.projetoabelha.com.br\/index.php?rest_route=\/wp\/v2\/pages\/395\/revisions\/5340"}],"up":[{"embeddable":true,"href":"http:\/\/www.projetoabelha.com.br\/index.php?rest_route=\/wp\/v2\/pages\/58"}],"wp:attachment":[{"href":"http:\/\/www.projetoabelha.com.br\/index.php?rest_route=%2Fwp%2Fv2%2Fmedia&parent=395"}],"curies":[{"name":"wp","href":"https:\/\/api.w.org\/{rel}","templated":true}]}}