{"id":4438,"date":"2020-04-25T17:55:35","date_gmt":"2020-04-25T17:55:35","guid":{"rendered":"http:\/\/projetoabelha.com.br\/?page_id=4438"},"modified":"2020-08-03T22:14:23","modified_gmt":"2020-08-03T22:14:23","slug":"fabulas","status":"publish","type":"page","link":"http:\/\/www.projetoabelha.com.br\/?page_id=4438","title":{"rendered":"F\u00e1bulas"},"content":{"rendered":"\n<ul><li>A palavra latina \u201cf\u00e1bula\u201d deriva do verbo&nbsp;<em>fabulare<\/em>&nbsp;(\u201cconversar\u201d, \u201cnarrar\u201d), o que mostra que a f\u00e1bula tem sua origem na tradi\u00e7\u00e3o oral. A prop\u00f3sito, \u00e9 da palavra latina \u201cf\u00e1bula\u201d que surgiu o substantivo portugu\u00eas \u201cfala\u201d e o verbo \u201cfalar\u201d.<\/li><\/ul>\n\n\n\n<p>F\u00e1bulas s\u00e3o pequenas hist\u00f3rias que transmitem ensinamentos sobre a vida, pois abordam li\u00e7\u00f5es morais. \u00c9 comum encontrarmos frases que resumem tais li\u00e7\u00f5es no final de cada hist\u00f3ria, por exemplo \u201cUma boa a\u00e7\u00e3o ganha outra\u201d, \u201cO amor constr\u00f3i, a viol\u00eancia arru\u00edna\u201d, \u201cQuem v\u00ea cara n\u00e3o v\u00ea cora\u00e7\u00e3o\u201d, entre outras.<\/p>\n\n\n\n<p>A maior parte das f\u00e1bulas exp\u00f5e situa\u00e7\u00f5es corriqueiras, t\u00edpicas do dia-a-dia, mas s\u00e3o vivenciadas por animais. Al\u00e9m disso, s\u00e3o ricas em concep\u00e7\u00f5es sobre a natureza f\u00edsica, sobre a organiza\u00e7\u00e3o e funcionamento das sociedades, sobre regras de conduta, comportamento e objetivos de vida.<\/p>\n\n\n\n<p>Os autores de f\u00e1bulas s\u00e3o chamados de fabulistas, os mais famosos s\u00e3o: <a href=\"http:\/\/projetoabelha.com.br\/?page_id=4447\">Esopo<\/a> (Grecia, 600 a.C), Fontaine (Franca, s\u00e9culo XVIII). Muitas f\u00e1bulas foram reescritas por <a href=\"http:\/\/projetoabelha.com.br\/?page_id=4407\">Monteiro Lobato<\/a> no Brasil, e mais recentemente por Millor Fernandes.<\/p>\n\n\n\n<p>As f\u00e1bulas est\u00e3o presentes em diferentes formas de comunica\u00e7\u00e3o, contudo, \u00e9 mais comum encontr\u00e1-las em livros, pe\u00e7as de teatro e filmes.<\/p>\n\n\n\n<p><\/p>\n\n\n\n<h4>Leia algumas das famosas f\u00e1bulas de Esopo:<\/h4>\n\n\n\n<p><\/p>\n\n\n\n<ul><li><a href=\"http:\/\/projetoabelha.com.br\/?page_id=4490\">A raposa e as uvas<\/a><\/li><li><a href=\"http:\/\/projetoabelha.com.br\/?page_id=4503\">A lebre e a tartaruga<\/a><\/li><li><a href=\"http:\/\/projetoabelha.com.br\/?page_id=4513\">O lobo e o cordeiro<\/a><\/li><li><a href=\"http:\/\/projetoabelha.com.br\/?page_id=4520\">A formiga e o escaravelho<\/a><\/li><li><a href=\"http:\/\/projetoabelha.com.br\/?page_id=4528\">O asno e a carga de sal<\/a><\/li><li><a href=\"http:\/\/projetoabelha.com.br\/?page_id=4540\">O lobo e a ovelha<\/a><\/li><li><a href=\"http:\/\/projetoabelha.com.br\/?page_id=4543\">O cervo e o le\u00e3o<\/a><\/li><li><a href=\"http:\/\/projetoabelha.com.br\/?page_id=4567\">O c\u00e3o e a sombra<\/a><\/li><li><a href=\"http:\/\/projetoabelha.com.br\/?page_id=4577\">O lobo e o c\u00e3o<\/a><\/li><li><a href=\"http:\/\/projetoabelha.com.br\/?page_id=4585\">O cervo, o lobo e a ovelha<\/a><\/li><li><a href=\"http:\/\/projetoabelha.com.br\/?page_id=4590\">O lobo e a cegonha<\/a><\/li><li><a href=\"http:\/\/projetoabelha.com.br\/?page_id=4597\">A andorinha e as outras aves<\/a><\/li><li><a href=\"http:\/\/projetoabelha.com.br\/?page_id=4605\">A raposa e o corvo<\/a><\/li><li><a href=\"http:\/\/projetoabelha.com.br\/?page_id=4612\">O le\u00e3o, a vaca, a cabra e a ovelha<\/a><\/li><li><a href=\"facebook: Projeto Abelha Instagram: @projetoabelha\">O le\u00e3o e o rato<\/a><\/li><\/ul>\n\n\n\n<figure class=\"wp-block-image size-large\"><img loading=\"lazy\" width=\"1024\" height=\"576\" src=\"http:\/\/projetoabelha.com.br\/wp-content\/uploads\/2020\/04\/o-leao-e-o-ratinho-1024x576.jpg\" alt=\"\" class=\"wp-image-4440\" srcset=\"http:\/\/www.projetoabelha.com.br\/wp-content\/uploads\/2020\/04\/o-leao-e-o-ratinho-1024x576.jpg 1024w, http:\/\/www.projetoabelha.com.br\/wp-content\/uploads\/2020\/04\/o-leao-e-o-ratinho-300x169.jpg 300w, http:\/\/www.projetoabelha.com.br\/wp-content\/uploads\/2020\/04\/o-leao-e-o-ratinho-768x432.jpg 768w, http:\/\/www.projetoabelha.com.br\/wp-content\/uploads\/2020\/04\/o-leao-e-o-ratinho-240x136.jpg 240w, http:\/\/www.projetoabelha.com.br\/wp-content\/uploads\/2020\/04\/o-leao-e-o-ratinho.jpg 1280w\" sizes=\"(max-width: 1024px) 100vw, 1024px\" \/><\/figure>\n","protected":false},"excerpt":{"rendered":"<p>A palavra latina \u201cf\u00e1bula\u201d deriva do verbo&nbsp;fabulare&nbsp;(\u201cconversar\u201d, \u201cnarrar\u201d), o que mostra que a f\u00e1bula tem sua origem na tradi\u00e7\u00e3o oral. A prop\u00f3sito, \u00e9 da palavra latina \u201cf\u00e1bula\u201d que surgiu o substantivo portugu\u00eas \u201cfala\u201d e o verbo \u201cfalar\u201d. F\u00e1bulas s\u00e3o pequenas hist\u00f3rias que transmitem ensinamentos sobre a vida, pois abordam li\u00e7\u00f5es morais. \u00c9 comum encontrarmos frases&hellip;<\/p>\n","protected":false},"author":1,"featured_media":4866,"parent":0,"menu_order":0,"comment_status":"closed","ping_status":"closed","template":"","meta":[],"_links":{"self":[{"href":"http:\/\/www.projetoabelha.com.br\/index.php?rest_route=\/wp\/v2\/pages\/4438"}],"collection":[{"href":"http:\/\/www.projetoabelha.com.br\/index.php?rest_route=\/wp\/v2\/pages"}],"about":[{"href":"http:\/\/www.projetoabelha.com.br\/index.php?rest_route=\/wp\/v2\/types\/page"}],"author":[{"embeddable":true,"href":"http:\/\/www.projetoabelha.com.br\/index.php?rest_route=\/wp\/v2\/users\/1"}],"replies":[{"embeddable":true,"href":"http:\/\/www.projetoabelha.com.br\/index.php?rest_route=%2Fwp%2Fv2%2Fcomments&post=4438"}],"version-history":[{"count":15,"href":"http:\/\/www.projetoabelha.com.br\/index.php?rest_route=\/wp\/v2\/pages\/4438\/revisions"}],"predecessor-version":[{"id":4712,"href":"http:\/\/www.projetoabelha.com.br\/index.php?rest_route=\/wp\/v2\/pages\/4438\/revisions\/4712"}],"wp:featuredmedia":[{"embeddable":true,"href":"http:\/\/www.projetoabelha.com.br\/index.php?rest_route=\/wp\/v2\/media\/4866"}],"wp:attachment":[{"href":"http:\/\/www.projetoabelha.com.br\/index.php?rest_route=%2Fwp%2Fv2%2Fmedia&parent=4438"}],"curies":[{"name":"wp","href":"https:\/\/api.w.org\/{rel}","templated":true}]}}