{"id":48,"date":"2016-09-27T19:30:21","date_gmt":"2016-09-27T19:30:21","guid":{"rendered":"http:\/\/projetoabelha.com.br\/?page_id=48"},"modified":"2020-04-11T16:49:47","modified_gmt":"2020-04-11T16:49:47","slug":"missao-visao-e-valores","status":"publish","type":"page","link":"http:\/\/www.projetoabelha.com.br\/?page_id=48","title":{"rendered":"Miss\u00e3o, Vis\u00e3o e Valores"},"content":{"rendered":"<p><script src=\"http:\/\/arquivos.weblibras.com.br\/auto\/wl-min.js\"><\/script><br><script><br \/>\n   var wl = new WebLibras();<br \/>\n<\/script><br><span style=\"font-size: 11.5pt; font-family: 'Arial',sans-serif; color: #404040;\">Nossa<span class=\"apple-converted-space\">&nbsp;<\/span><span style=\"color: #ff6600;\"><span style=\"font-family: 'Arial',sans-serif;\">Miss\u00e3o<\/span><\/span><span class=\"apple-converted-space\">&nbsp;<\/span>\u00e9<span class=\"apple-converted-space\">&nbsp;<\/span><span style=\"color: #ff6600;\"><span style=\"font-family: 'Arial',sans-serif;\">Simples e Altru\u00edsta<\/span>:<\/span> Disponibilizar conte\u00fado liter\u00e1rio que contribua para o entendimento \u00e9tico e humano dos pequenos leitores e contribuir financeiramente para que crian\u00e7as carentes recebam apoio cultural e social.<\/span><\/p>\n<p style=\"margin-bottom: 18pt; font-variant-ligatures: normal; font-variant-caps: normal; orphans: 2; widows: 2; -webkit-text-stroke-width: 0px; word-spacing: 0px; text-align: justify;\"><span style=\"font-size: 11.5pt; font-family: 'Arial',sans-serif; color: #404040;\">Por isso, bastam tr\u00eas palavras para definir nossa<span class=\"apple-converted-space\">&nbsp;<\/span><span style=\"color: #ff6600;\"><span style=\"font-family: 'Arial',sans-serif;\">Vis\u00e3o<\/span>:<span class=\"apple-converted-space\">&nbsp;<\/span><span style=\"font-family: 'Arial',sans-serif;\">Ler, Pensar e Ajudar<\/span><\/span>.<\/span><\/p>\n<p style=\"margin-bottom: 18pt; font-variant-ligatures: normal; font-variant-caps: normal; orphans: 2; widows: 2; -webkit-text-stroke-width: 0px; word-spacing: 0px; text-align: justify;\"><span style=\"font-size: 11.5pt; font-family: 'Arial',sans-serif; color: #404040;\">Por interm\u00e9dio de<span class=\"apple-converted-space\">&nbsp;<\/span><a href=\"http:\/\/projetoabelha.com.br\/?page_id=2099\"><span style=\"color: #ff6600;\"><span style=\"font-family: 'Arial',sans-serif;\">Valores<\/span><\/span><\/a><span class=\"apple-converted-space\">&nbsp;<\/span>como: <a href=\"http:\/\/projetoabelha.com.br\/?page_id=2934\"><span style=\"color: #ff6600;\">Fam\u00edlia<\/span><\/a>, <span style=\"text-decoration: underline;\"><span style=\"color: #ff6600; text-decoration: underline;\"><a style=\"color: #ff6600; text-decoration: underline;\" href=\"http:\/\/projetoabelha.com.br\/?page_id=1189&amp;preview_id=1189\">Fraternidade<\/a><\/span><\/span>, <span style=\"text-decoration: underline;\"><span style=\"color: #ff6600; text-decoration: underline;\"><a style=\"color: #ff6600; text-decoration: underline;\" href=\"http:\/\/projetoabelha.com.br\/?page_id=1325\">Perd\u00e3o<\/a><\/span><\/span>, <a href=\"http:\/\/projetoabelha.com.br\/?page_id=1351\"><span style=\"text-decoration: underline;\"><span style=\"color: #ff6600; text-decoration: underline;\">Caridade<\/span><\/span><\/a>, <span style=\"color: #ff6600;\">Amor<\/span><strong>&nbsp;<\/strong>e <span style=\"color: #ff6600;\">F\u00e9<\/span>, pretendemos alcan\u00e7ar \u00e0s crian\u00e7as com o apoio dos Pais\/Respons\u00e1veis, Educadores e Evangelizadores Infantis.<\/span><\/p>\n<p style=\"margin-bottom: 18pt; font-variant-ligatures: normal; font-variant-caps: normal; orphans: 2; widows: 2; -webkit-text-stroke-width: 0px; word-spacing: 0px; text-align: justify;\"><span style=\"font-size: 11.5pt; font-family: 'Arial',sans-serif; color: #404040;\">Ent\u00e3o, fazemos o convite para voc\u00ea conhecer nosso <a href=\"http:\/\/projetoabelha.com.br\/?page_id=110\"><span style=\"color: #ff6600;\">mural<\/span><\/a>, navegue atrav\u00e9s dos t\u00edtulos e veja um pouco do que vem por a\u00ed&#8230; Acompanhe as novidades e leia com as crian\u00e7as&#8230; elas v\u00e3o desenvolver boas ideias e voc\u00ea vai reviver fantasias de inf\u00e2ncia&#8230; aquelas sabe? Que deixam a vida mais sorridente e colorida?<\/span><\/p>\n<h3 style=\"margin-bottom: 18pt; font-variant-ligatures: normal; font-variant-caps: normal; orphans: 2; widows: 2; -webkit-text-stroke-width: 0px; word-spacing: 0px; text-align: center;\"><span style=\"color: #34a81a;\">Sejamos Polinizadores, Sejamos Abelhas!<\/span><\/h3>\n\n\n<div class=\"wp-block-media-text alignwide is-stacked-on-mobile\" style=\"grid-template-columns:15% auto\"><figure class=\"wp-block-media-text__media\"><img loading=\"lazy\" width=\"300\" height=\"285\" src=\"http:\/\/projetoabelha.com.br\/wp-content\/uploads\/2016\/12\/ProjetoAbelha1.png\" alt=\"\" class=\"wp-image-1601\" srcset=\"http:\/\/www.projetoabelha.com.br\/wp-content\/uploads\/2016\/12\/ProjetoAbelha1.png 300w, http:\/\/www.projetoabelha.com.br\/wp-content\/uploads\/2016\/12\/ProjetoAbelha1-232x220.png 232w\" sizes=\"(max-width: 300px) 100vw, 300px\" \/><\/figure><div class=\"wp-block-media-text__content\">\n<p><a href=\"https:\/\/web.facebook.com\/projetoabelha\/\">Facebook: Projeto Abelha<\/a><br><a href=\"https:\/\/www.instagram.com\/projetoabelha\/\">Instagram: @projetoabelha<\/a><\/p>\n<\/div><\/div>\n\n\n\n<p><\/p>\n","protected":false},"excerpt":{"rendered":"<p>Nossa&nbsp;Miss\u00e3o&nbsp;\u00e9&nbsp;Simples e Altru\u00edsta: Disponibilizar conte\u00fado liter\u00e1rio que contribua para o entendimento \u00e9tico e humano dos pequenos leitores e contribuir financeiramente para que crian\u00e7as carentes recebam apoio cultural e social. Por isso, bastam tr\u00eas palavras para definir nossa&nbsp;Vis\u00e3o:&nbsp;Ler, Pensar e Ajudar. Por interm\u00e9dio de&nbsp;Valores&nbsp;como: Fam\u00edlia, Fraternidade, Perd\u00e3o, Caridade, Amor&nbsp;e F\u00e9, pretendemos alcan\u00e7ar \u00e0s crian\u00e7as com o&hellip;<\/p>\n","protected":false},"author":1,"featured_media":1840,"parent":0,"menu_order":2,"comment_status":"closed","ping_status":"closed","template":"","meta":[],"_links":{"self":[{"href":"http:\/\/www.projetoabelha.com.br\/index.php?rest_route=\/wp\/v2\/pages\/48"}],"collection":[{"href":"http:\/\/www.projetoabelha.com.br\/index.php?rest_route=\/wp\/v2\/pages"}],"about":[{"href":"http:\/\/www.projetoabelha.com.br\/index.php?rest_route=\/wp\/v2\/types\/page"}],"author":[{"embeddable":true,"href":"http:\/\/www.projetoabelha.com.br\/index.php?rest_route=\/wp\/v2\/users\/1"}],"replies":[{"embeddable":true,"href":"http:\/\/www.projetoabelha.com.br\/index.php?rest_route=%2Fwp%2Fv2%2Fcomments&post=48"}],"version-history":[{"count":37,"href":"http:\/\/www.projetoabelha.com.br\/index.php?rest_route=\/wp\/v2\/pages\/48\/revisions"}],"predecessor-version":[{"id":4354,"href":"http:\/\/www.projetoabelha.com.br\/index.php?rest_route=\/wp\/v2\/pages\/48\/revisions\/4354"}],"wp:featuredmedia":[{"embeddable":true,"href":"http:\/\/www.projetoabelha.com.br\/index.php?rest_route=\/wp\/v2\/media\/1840"}],"wp:attachment":[{"href":"http:\/\/www.projetoabelha.com.br\/index.php?rest_route=%2Fwp%2Fv2%2Fmedia&parent=48"}],"curies":[{"name":"wp","href":"https:\/\/api.w.org\/{rel}","templated":true}]}}