{"id":5045,"date":"2020-08-21T21:18:23","date_gmt":"2020-08-21T21:18:23","guid":{"rendered":"http:\/\/projetoabelha.com.br\/?page_id=5045"},"modified":"2021-04-07T23:49:56","modified_gmt":"2021-04-07T23:49:56","slug":"cantigas-de-roda","status":"publish","type":"page","link":"http:\/\/www.projetoabelha.com.br\/?page_id=5045","title":{"rendered":"Cantigas de Roda"},"content":{"rendered":"\n<ul><li>As <strong>cantigas de roda<\/strong> ou cirandas, s\u00e3o brincadeiras musicais nas quais se cantam e dan\u00e7am m\u00fasicas folcl\u00f3ricas, ritmando sons e movimentos. S\u00e3o muito utilizadas como recurso pedag\u00f3gico por terem car\u00e1ter l\u00fadico e abordarem temas ligados \u00e0 inf\u00e2ncia.  Al\u00e9m disso, estimulam as estruturas f\u00edsicas, motoras e sensoriais. Neste sentido, <a href=\"https:\/\/redes.moderna.com.br\/2014\/06\/13\/craquesdaeducacao-cesar-coll\/#:~:text=C%C3%A9sar%20Coll%20Salvador%20%C3%A9%20refer%C3%AAncia,elabora%C3%A7%C3%A3o%20dos%20Par%C3%A2metros%20Curriculares%20Nacional.\">C\u00e9sar Coll Salvador<\/a>, esclarece que brincadeiras musicais ampliam as  possibilidades de aprendizagem e desenvolvimento, uma vez que a crian\u00e7a possui uma pr\u00e9 disposi\u00e7\u00e3o para sons e melodias (COLL, 2009).<\/li><\/ul>\n\n\n\n<ul><li>Vale ressaltar que assim como as <a href=\"http:\/\/projetoabelha.com.br\/?page_id=4792\">adivinhas<\/a>, as <a href=\"http:\/\/projetoabelha.com.br\/?page_id=4810\">parlendas<\/a>, <a href=\"http:\/\/projetoabelha.com.br\/?page_id=4822\">trava-l\u00ednguas<\/a> e quadrinhas, as <a href=\"http:\/\/projetoabelha.com.br\/?page_id=5045\">cantigas de roda ou cirandas<\/a>, s\u00e3o textos populares e fazem parte da tradi\u00e7\u00e3o oral brasileira.  N\u00e3o existe registro de quem as criou, por isso, s\u00e3o de dom\u00ednio p\u00fablico.<\/li><\/ul>\n\n\n\n<p class=\"has-very-dark-gray-color has-text-color\">Agora que j\u00e1 sabemos um pouquinho sobre as cantigas de roda, vamos relembrar algumas delas? Confira a sele\u00e7\u00e3o de 53 cirandas para se divertir com seus pequenos.<\/p>\n\n\n\n<p><\/p>\n\n\n\n<div class=\"wp-block-file\"><a href=\"http:\/\/projetoabelha.com.br\/wp-content\/uploads\/2020\/08\/CIRANDAS-PA.pdf\">Voc\u00ea pode imprimir!<\/a><a href=\"http:\/\/projetoabelha.com.br\/wp-content\/uploads\/2020\/08\/CIRANDAS-PA.pdf\" class=\"wp-block-file__button\" download>Baixar<\/a><\/div>\n\n\n<a href=\"http:\/\/projetoabelha.com.br\/wp-content\/uploads\/2020\/08\/CIRANDAS-PA.pdf\" class=\"pdfemb-viewer\" style=\"\" data-width=\"max\" data-height=\"max\"  data-toolbar=\"bottom\" data-toolbar-fixed=\"off\">CIRANDAS-PA<br\/><\/a>\n<p class=\"wp-block-pdfemb-pdf-embedder-viewer\"><\/p>\n\n\n\n<div class=\"wp-block-media-text alignwide is-stacked-on-mobile\" style=\"grid-template-columns:15% auto\"><figure class=\"wp-block-media-text__media\"><img loading=\"lazy\" width=\"600\" height=\"570\" src=\"http:\/\/projetoabelha.com.br\/wp-content\/uploads\/2020\/04\/abelha_cora\u00e7\u00e3o_amarelo-PA.jpg\" alt=\"\" class=\"wp-image-4544 size-full\" srcset=\"http:\/\/www.projetoabelha.com.br\/wp-content\/uploads\/2020\/04\/abelha_cora\u00e7\u00e3o_amarelo-PA.jpg 600w, http:\/\/www.projetoabelha.com.br\/wp-content\/uploads\/2020\/04\/abelha_cora\u00e7\u00e3o_amarelo-PA-300x285.jpg 300w\" sizes=\"(max-width: 600px) 100vw, 600px\" \/><\/figure><div class=\"wp-block-media-text__content\">\n<p class=\"has-small-font-size\"><a rel=\"noreferrer noopener\" href=\"http:\/\/projetoabelha.com.br\/?page_id=395\" target=\"_blank\">D\u00e9bora Ara\u00fajo<\/a><br><a href=\"facebook: Projeto AbelhaInstagram: @projetoabelha\">Facebook: Projeto Abelha<br>Instagram: @projetoabelha<\/a><\/p>\n<\/div><\/div>\n","protected":false},"excerpt":{"rendered":"<p>As cantigas de roda ou cirandas, s\u00e3o brincadeiras musicais nas quais se cantam e dan\u00e7am m\u00fasicas folcl\u00f3ricas, ritmando sons e movimentos. S\u00e3o muito utilizadas como recurso pedag\u00f3gico por terem car\u00e1ter l\u00fadico e abordarem temas ligados \u00e0 inf\u00e2ncia. Al\u00e9m disso, estimulam as estruturas f\u00edsicas, motoras e sensoriais. Neste sentido, C\u00e9sar Coll Salvador, esclarece que brincadeiras musicais&hellip;<\/p>\n","protected":false},"author":1,"featured_media":4865,"parent":0,"menu_order":0,"comment_status":"closed","ping_status":"closed","template":"","meta":[],"_links":{"self":[{"href":"http:\/\/www.projetoabelha.com.br\/index.php?rest_route=\/wp\/v2\/pages\/5045"}],"collection":[{"href":"http:\/\/www.projetoabelha.com.br\/index.php?rest_route=\/wp\/v2\/pages"}],"about":[{"href":"http:\/\/www.projetoabelha.com.br\/index.php?rest_route=\/wp\/v2\/types\/page"}],"author":[{"embeddable":true,"href":"http:\/\/www.projetoabelha.com.br\/index.php?rest_route=\/wp\/v2\/users\/1"}],"replies":[{"embeddable":true,"href":"http:\/\/www.projetoabelha.com.br\/index.php?rest_route=%2Fwp%2Fv2%2Fcomments&post=5045"}],"version-history":[{"count":26,"href":"http:\/\/www.projetoabelha.com.br\/index.php?rest_route=\/wp\/v2\/pages\/5045\/revisions"}],"predecessor-version":[{"id":5559,"href":"http:\/\/www.projetoabelha.com.br\/index.php?rest_route=\/wp\/v2\/pages\/5045\/revisions\/5559"}],"wp:featuredmedia":[{"embeddable":true,"href":"http:\/\/www.projetoabelha.com.br\/index.php?rest_route=\/wp\/v2\/media\/4865"}],"wp:attachment":[{"href":"http:\/\/www.projetoabelha.com.br\/index.php?rest_route=%2Fwp%2Fv2%2Fmedia&parent=5045"}],"curies":[{"name":"wp","href":"https:\/\/api.w.org\/{rel}","templated":true}]}}