{"id":58,"date":"2016-09-27T19:46:47","date_gmt":"2016-09-27T19:46:47","guid":{"rendered":"http:\/\/projetoabelha.com.br\/?page_id=58"},"modified":"2020-04-11T16:52:25","modified_gmt":"2020-04-11T16:52:25","slug":"projeto-abelha","status":"publish","type":"page","link":"http:\/\/www.projetoabelha.com.br\/?page_id=58","title":{"rendered":"Projeto Abelha"},"content":{"rendered":"<p><script src=\"http:\/\/arquivos.weblibras.com.br\/auto\/wl-min.js\"><\/script><br \/><script><br \/>\n   var wl = new WebLibras();<br \/>\n<\/script><br \/><span style=\"color: #000000;\">O Projeto Abelha objetiva incentivar a leitura infantil atrav\u00e9s de enredos nos quais os leitores s\u00e3o sugestionados a pensar em posturas \u00e9ticas.<\/span><\/p>\n<p>Partilhamos reflex\u00f5es sobre a literatura infantil, seus in\u00fameros benef\u00edcios para o desenvolvimento infantil, tanto no \u00e2mbito familiar como escolar. Partilhamos obras autorizadas dos principais autores de literatura infantil e tamb\u00e9m suas biografias.<\/p>\n<p style=\"text-align: justify;\"><span style=\"color: #000000;\">Parte dos lucros obtidos com as vendas dos livros que comp\u00f5em o Projeto \u00e9 destinada a institui\u00e7\u00e3o dedicada aos desenvolvimento de crian\u00e7as e adolescentes em vulnerabilidade social.<\/span><\/p>\n<ul>\n<li style=\"text-align: justify;\">Entenda um pouco mais conhecendo nossa <a href=\"http:\/\/projetoabelha.com.br\/?page_id=48\"><span style=\"color: #ff6600;\">Miss\u00e3o, Vis\u00e3o e Valores<\/span><\/a><\/li>\n<li><span style=\"color: #000000;\">Confira em nosso <span style=\"text-decoration: underline; color: #ff6600;\"><a style=\"color: #ff6600; text-decoration: underline;\" href=\"http:\/\/projetoabelha.com.br\/?page_id=110\">mural<\/a><\/span> todos os t\u00edtulos nos quais estamos trabalhando para torna-los dispon\u00edveis \u00e0 venda<\/span><\/li>\n<li><span style=\"color: #000000;\">N\u00e3o deixe de conhecer nossos <span style=\"color: #ff6600;\"><a style=\"color: #ff6600; text-decoration: underline;\" href=\"http:\/\/projetoabelha.com.br\/?page_id=1217\">poemas<\/a><\/span> &#8211; disponibilizados no blog e em outras redes sociais &#8211; <a href=\"https:\/\/web.facebook.com\/projetoabelha\/\">Facebook: Projeto Abelha<\/a> e <a href=\"https:\/\/www.instagram.com\/projetoabelha\/\">Instagram: @projetoabelha<\/a><\/span><\/li>\n<\/ul>\n<p style=\"text-align: center;\"><span style=\"color: #000000;\">E com orgulho informamos que nosso primog\u00eanito j\u00e1 foi lan\u00e7ado, clique e confira!<\/span><\/p>\n<figure id=\"attachment_1757\" aria-describedby=\"caption-attachment-1757\" style=\"width: 185px\" class=\"wp-caption aligncenter\"><a href=\"http:\/\/projetoabelha.com.br\/?page_id=60\"><img loading=\"lazy\" class=\"wp-image-1757\" src=\"http:\/\/projetoabelha.com.br\/wp-content\/uploads\/2016\/09\/Flor_Transparencia-298x300.png\" width=\"185\" height=\"186\" srcset=\"http:\/\/www.projetoabelha.com.br\/wp-content\/uploads\/2016\/09\/Flor_Transparencia-298x300.png 298w, http:\/\/www.projetoabelha.com.br\/wp-content\/uploads\/2016\/09\/Flor_Transparencia-150x150.png 150w, http:\/\/www.projetoabelha.com.br\/wp-content\/uploads\/2016\/09\/Flor_Transparencia.png 564w\" sizes=\"(max-width: 185px) 100vw, 185px\" \/><\/a><figcaption id=\"caption-attachment-1757\" class=\"wp-caption-text\"><strong><span style=\"color: #ff6600;\">Florisbela e sua Galinha<\/span><\/strong><\/figcaption><\/figure>\n<p style=\"text-align: center;\"><span style=\"color: #000000;\">&#8220;&#8230;E aos novos amigos falaria<br \/><\/span><span style=\"color: #000000;\">Sem perguntar quem acreditaria<br \/><\/span><span style=\"color: #000000;\">Na galinha gorda que falava<br \/><\/span><span style=\"color: #000000;\"> \u00c0 menina magricela que chorava&#8230;&#8221;<\/span><\/p>\n<h3 style=\"text-align: center;\"><span style=\"color: #34a81a;\">Sejamos Polinizadores! Sejamos Abelhas!<\/span><\/h3>\n<p>\u00a0<\/p>\n\n\n<figure class=\"wp-block-embed-youtube wp-block-embed is-type-video is-provider-youtube wp-embed-aspect-16-9 wp-has-aspect-ratio\"><div class=\"wp-block-embed__wrapper\">\n<iframe loading=\"lazy\" title=\"Livros em Revista - &quot;Florisbela e sua Galinha&quot; e Projeto Abelha, de D\u00e9bora Ara\u00fajo\" width=\"700\" height=\"394\" src=\"https:\/\/www.youtube.com\/embed\/BZed1nzr5ng?feature=oembed\" frameborder=\"0\" allow=\"accelerometer; autoplay; encrypted-media; gyroscope; picture-in-picture\" allowfullscreen><\/iframe>\n<\/div><\/figure>\n","protected":false},"excerpt":{"rendered":"<p>O Projeto Abelha objetiva incentivar a leitura infantil atrav\u00e9s de enredos nos quais os leitores s\u00e3o sugestionados a pensar em posturas \u00e9ticas. Partilhamos reflex\u00f5es sobre a literatura infantil, seus in\u00fameros benef\u00edcios para o desenvolvimento infantil, tanto no \u00e2mbito familiar como escolar. Partilhamos obras autorizadas dos principais autores de literatura infantil e tamb\u00e9m suas biografias. Parte&hellip;<\/p>\n","protected":false},"author":1,"featured_media":1955,"parent":0,"menu_order":1,"comment_status":"closed","ping_status":"closed","template":"","meta":[],"_links":{"self":[{"href":"http:\/\/www.projetoabelha.com.br\/index.php?rest_route=\/wp\/v2\/pages\/58"}],"collection":[{"href":"http:\/\/www.projetoabelha.com.br\/index.php?rest_route=\/wp\/v2\/pages"}],"about":[{"href":"http:\/\/www.projetoabelha.com.br\/index.php?rest_route=\/wp\/v2\/types\/page"}],"author":[{"embeddable":true,"href":"http:\/\/www.projetoabelha.com.br\/index.php?rest_route=\/wp\/v2\/users\/1"}],"replies":[{"embeddable":true,"href":"http:\/\/www.projetoabelha.com.br\/index.php?rest_route=%2Fwp%2Fv2%2Fcomments&post=58"}],"version-history":[{"count":39,"href":"http:\/\/www.projetoabelha.com.br\/index.php?rest_route=\/wp\/v2\/pages\/58\/revisions"}],"predecessor-version":[{"id":4356,"href":"http:\/\/www.projetoabelha.com.br\/index.php?rest_route=\/wp\/v2\/pages\/58\/revisions\/4356"}],"wp:featuredmedia":[{"embeddable":true,"href":"http:\/\/www.projetoabelha.com.br\/index.php?rest_route=\/wp\/v2\/media\/1955"}],"wp:attachment":[{"href":"http:\/\/www.projetoabelha.com.br\/index.php?rest_route=%2Fwp%2Fv2%2Fmedia&parent=58"}],"curies":[{"name":"wp","href":"https:\/\/api.w.org\/{rel}","templated":true}]}}